{"id":4488,"date":"2025-06-20T15:18:59","date_gmt":"2025-06-20T19:18:59","guid":{"rendered":"https:\/\/ottawainnercityhealth.ca\/strategic-plan\/"},"modified":"2026-03-25T09:11:47","modified_gmt":"2026-03-25T13:11:47","slug":"plan-strategique","status":"publish","type":"page","link":"https:\/\/ottawainnercityhealth.ca\/fr\/plan-strategique\/","title":{"rendered":"Plan strat\u00e9gique"},"content":{"rendered":"\t\t<div data-elementor-type=\"wp-page\" data-elementor-id=\"4488\" class=\"elementor elementor-4488 elementor-4167\" data-elementor-post-type=\"page\">\n\t\t\t\t\t\t<section class=\"elementor-section elementor-top-section elementor-element elementor-element-e8ce9e8 elementor-section-height-min-height elementor-section-full_width elementor-section-height-default elementor-section-items-middle\" data-id=\"e8ce9e8\" data-element_type=\"section\" data-e-type=\"section\" data-settings=\"{&quot;background_background&quot;:&quot;classic&quot;}\">\n\t\t\t\t\t\t<div class=\"elementor-container elementor-column-gap-no\">\n\t\t\t\t\t<div class=\"elementor-column elementor-col-100 elementor-top-column elementor-element elementor-element-529f4f9\" data-id=\"529f4f9\" data-element_type=\"column\" data-e-type=\"column\">\n\t\t\t<div class=\"elementor-widget-wrap\">\n\t\t\t\t\t\t\t<\/div>\n\t\t<\/div>\n\t\t\t\t\t<\/div>\n\t\t<\/section>\n\t\t\t\t<section class=\"elementor-section elementor-top-section elementor-element elementor-element-4a8a9e7 elementor-section-boxed elementor-section-height-default elementor-section-height-default\" data-id=\"4a8a9e7\" data-element_type=\"section\" data-e-type=\"section\" data-settings=\"{&quot;background_background&quot;:&quot;gradient&quot;}\">\n\t\t\t\t\t\t<div class=\"elementor-container elementor-column-gap-default\">\n\t\t\t\t\t<div class=\"elementor-column elementor-col-100 elementor-top-column elementor-element elementor-element-df38733\" data-id=\"df38733\" data-element_type=\"column\" data-e-type=\"column\">\n\t\t\t<div class=\"elementor-widget-wrap elementor-element-populated\">\n\t\t\t\t\t\t<div class=\"elementor-element elementor-element-2d4da17 animated-fast elementor-invisible elementor-widget elementor-widget-heading\" data-id=\"2d4da17\" data-element_type=\"widget\" data-e-type=\"widget\" data-settings=\"{&quot;_animation&quot;:&quot;fadeInRightShorter&quot;}\" data-widget_type=\"heading.default\">\n\t\t\t\t<div class=\"elementor-widget-container\">\n\t\t\t\t\t<h6 class=\"elementor-heading-title elementor-size-default\">Inscrivez vous d\u00e8s maintenant aux alertes sur les drogues en visitant  <a style=\"text-decoration: underline\" href=\"https:\/\/www.ottawapublichealth.ca\/en\/public-health-services\/stop-overdose-ottawa.aspx\" target=\"_blank\">StopOverdoseOttawa.ca<\/a>  or <a style=\"text-decoration: underline\" href=\"https:\/\/arretoverdoseottawa.ca\" target=\"_blank\">ArretOverdoseOttawa.ca<\/a><\/h6>\t\t\t\t<\/div>\n\t\t\t\t<\/div>\n\t\t\t\t\t<\/div>\n\t\t<\/div>\n\t\t\t\t\t<\/div>\n\t\t<\/section>\n\t\t\t\t<section class=\"elementor-section elementor-top-section elementor-element elementor-element-b00fbb0 elementor-section-boxed elementor-section-height-default elementor-section-height-default\" data-id=\"b00fbb0\" data-element_type=\"section\" data-e-type=\"section\" id=\"volunteer-opportunities\">\n\t\t\t\t\t\t<div class=\"elementor-container elementor-column-gap-default\">\n\t\t\t\t\t<div class=\"elementor-column elementor-col-100 elementor-top-column elementor-element elementor-element-a05a75f\" data-id=\"a05a75f\" data-element_type=\"column\" data-e-type=\"column\">\n\t\t\t<div class=\"elementor-widget-wrap elementor-element-populated\">\n\t\t\t\t\t\t<div class=\"elementor-element elementor-element-756778c elementor-invisible elementor-widget elementor-widget-heading\" data-id=\"756778c\" data-element_type=\"widget\" data-e-type=\"widget\" data-settings=\"{&quot;_animation&quot;:&quot;fadeInDownShorter&quot;}\" data-widget_type=\"heading.default\">\n\t\t\t\t<div class=\"elementor-widget-container\">\n\t\t\t\t\t<h2 class=\"elementor-heading-title elementor-size-default\">Plan strat\u00e9gique<\/h2>\t\t\t\t<\/div>\n\t\t\t\t<\/div>\n\t\t\t\t<div class=\"elementor-element elementor-element-b38392c elementor-invisible elementor-widget elementor-widget-text-editor\" data-id=\"b38392c\" data-element_type=\"widget\" data-e-type=\"widget\" data-settings=\"{&quot;_animation&quot;:&quot;fadeIn&quot;}\" data-widget_type=\"text-editor.default\">\n\t\t\t\t<div class=\"elementor-widget-container\">\n\t\t\t\t\t\t\t\t\t<p>Au terme de plusieurs mois de consultations approfondies men\u00e9es aupr\u00e8s de son personnel, sa client\u00e8le et ses partenaires, Ottawa Inner City Health lance son nouveau plan strat\u00e9gique.<\/p><p>Ces orientations strat\u00e9giques d\u00e9finissent la voie \u00e0 suivre pour faire face aux enjeux actuels, notamment la crise des drogues toxiques et la p\u00e9nurie de logements abordables \u00e0 Ottawa.<\/p>\t\t\t\t\t\t\t\t<\/div>\n\t\t\t\t<\/div>\n\t\t\t\t\t<\/div>\n\t\t<\/div>\n\t\t\t\t\t<\/div>\n\t\t<\/section>\n\t\t<div class=\"elementor-element elementor-element-1b5f521 e-flex e-con-boxed e-con e-parent\" data-id=\"1b5f521\" data-element_type=\"container\" data-e-type=\"container\">\n\t\t\t\t\t<div class=\"e-con-inner\">\n\t\t\t\t<div class=\"elementor-element elementor-element-03d50c9 elementor-widget elementor-widget-image\" data-id=\"03d50c9\" data-element_type=\"widget\" data-e-type=\"widget\" data-widget_type=\"image.default\">\n\t\t\t\t<div class=\"elementor-widget-container\">\n\t\t\t\t\t\t\t\t\t\t\t\t\t\t\t<img fetchpriority=\"high\" decoding=\"async\" width=\"1024\" height=\"555\" src=\"https:\/\/ottawainnercityhealth.ca\/wp-content\/uploads\/2026\/03\/Strategic-plan-vision-table-1024x555.jpg\" class=\"attachment-large size-large wp-image-4670\" alt=\"\" srcset=\"https:\/\/ottawainnercityhealth.ca\/wp-content\/uploads\/2026\/03\/Strategic-plan-vision-table-1024x555.jpg 1024w, https:\/\/ottawainnercityhealth.ca\/wp-content\/uploads\/2026\/03\/Strategic-plan-vision-table-300x163.jpg 300w, https:\/\/ottawainnercityhealth.ca\/wp-content\/uploads\/2026\/03\/Strategic-plan-vision-table-768x416.jpg 768w, https:\/\/ottawainnercityhealth.ca\/wp-content\/uploads\/2026\/03\/Strategic-plan-vision-table-1536x833.jpg 1536w, https:\/\/ottawainnercityhealth.ca\/wp-content\/uploads\/2026\/03\/Strategic-plan-vision-table-2048x1111.jpg 2048w, https:\/\/ottawainnercityhealth.ca\/wp-content\/uploads\/2026\/03\/Strategic-plan-vision-table-1140x618.jpg 1140w, https:\/\/ottawainnercityhealth.ca\/wp-content\/uploads\/2026\/03\/Strategic-plan-vision-table-920x499.jpg 920w, https:\/\/ottawainnercityhealth.ca\/wp-content\/uploads\/2026\/03\/Strategic-plan-vision-table-575x312.jpg 575w, https:\/\/ottawainnercityhealth.ca\/wp-content\/uploads\/2026\/03\/Strategic-plan-vision-table-380x206.jpg 380w\" sizes=\"(max-width: 1024px) 100vw, 1024px\" \/>\t\t\t\t\t\t\t\t\t\t\t\t\t\t\t<\/div>\n\t\t\t\t<\/div>\n\t\t\t\t\t<\/div>\n\t\t\t\t<\/div>\n\t\t<div class=\"elementor-element elementor-element-c87965a e-flex e-con-boxed e-con e-parent\" data-id=\"c87965a\" data-element_type=\"container\" data-e-type=\"container\">\n\t\t\t\t\t<div class=\"e-con-inner\">\n\t\t\t\t<div class=\"elementor-element elementor-element-874e11e elementor-widget elementor-widget-image\" data-id=\"874e11e\" data-element_type=\"widget\" data-e-type=\"widget\" data-widget_type=\"image.default\">\n\t\t\t\t<div class=\"elementor-widget-container\">\n\t\t\t\t\t\t\t\t\t\t\t\t\t\t\t<img decoding=\"async\" width=\"1024\" height=\"528\" src=\"https:\/\/ottawainnercityhealth.ca\/wp-content\/uploads\/2026\/03\/Strategic-plan-principles-table-1024x528.jpg\" class=\"attachment-large size-large wp-image-4671\" alt=\"\" srcset=\"https:\/\/ottawainnercityhealth.ca\/wp-content\/uploads\/2026\/03\/Strategic-plan-principles-table-1024x528.jpg 1024w, https:\/\/ottawainnercityhealth.ca\/wp-content\/uploads\/2026\/03\/Strategic-plan-principles-table-300x155.jpg 300w, https:\/\/ottawainnercityhealth.ca\/wp-content\/uploads\/2026\/03\/Strategic-plan-principles-table-768x396.jpg 768w, https:\/\/ottawainnercityhealth.ca\/wp-content\/uploads\/2026\/03\/Strategic-plan-principles-table-1536x792.jpg 1536w, https:\/\/ottawainnercityhealth.ca\/wp-content\/uploads\/2026\/03\/Strategic-plan-principles-table-2048x1056.jpg 2048w, https:\/\/ottawainnercityhealth.ca\/wp-content\/uploads\/2026\/03\/Strategic-plan-principles-table-1140x588.jpg 1140w, https:\/\/ottawainnercityhealth.ca\/wp-content\/uploads\/2026\/03\/Strategic-plan-principles-table-920x475.jpg 920w, https:\/\/ottawainnercityhealth.ca\/wp-content\/uploads\/2026\/03\/Strategic-plan-principles-table-575x297.jpg 575w, https:\/\/ottawainnercityhealth.ca\/wp-content\/uploads\/2026\/03\/Strategic-plan-principles-table-380x196.jpg 380w\" sizes=\"(max-width: 1024px) 100vw, 1024px\" \/>\t\t\t\t\t\t\t\t\t\t\t\t\t\t\t<\/div>\n\t\t\t\t<\/div>\n\t\t\t\t\t<\/div>\n\t\t\t\t<\/div>\n\t\t\t\t<\/div>\n\t\t","protected":false},"excerpt":{"rendered":"<p>Inscrivez vous d\u00e8s maintenant aux alertes sur les drogues en visitant StopOverdoseOttawa.ca or ArretOverdoseOttawa.ca Plan strat\u00e9gique Au terme de plusieurs mois de consultations approfondies men\u00e9es aupr\u00e8s de son personnel, sa [&hellip;]<\/p>\n","protected":false},"author":3,"featured_media":0,"parent":0,"menu_order":6,"comment_status":"closed","ping_status":"closed","template":"elementor_header_footer","meta":{"nf_dc_page":"","om_disable_all_campaigns":false,"_monsterinsights_skip_tracking":false,"_monsterinsights_sitenote_active":false,"_monsterinsights_sitenote_note":"","_monsterinsights_sitenote_category":0,"footnotes":"","_links_to":"","_links_to_target":""},"class_list":["post-4488","page","type-page","status-publish","hentry"],"aioseo_notices":[],"yoast_head":"<!-- This site is optimized with the Yoast SEO plugin v27.3 - https:\/\/yoast.com\/product\/yoast-seo-wordpress\/ -->\n<title>Plan strat\u00e9gique - Ottawa Inner City Health Inc.<\/title>\n<meta name=\"description\" content=\"We are regularly looking for skilled, compassionate and highly motivated people to join our team! Please check back often.\" \/>\n<meta name=\"robots\" content=\"index, follow, max-snippet:-1, max-image-preview:large, max-video-preview:-1\" \/>\n<link rel=\"canonical\" href=\"https:\/\/ottawainnercityhealth.ca\/fr\/plan-strategique\/\" \/>\n<meta property=\"og:locale\" content=\"fr_FR\" \/>\n<meta property=\"og:type\" content=\"article\" \/>\n<meta property=\"og:title\" content=\"Plan strat\u00e9gique - Ottawa Inner City Health Inc.\" \/>\n<meta property=\"og:description\" content=\"We are regularly looking for skilled, compassionate and highly motivated people to join our team! Please check back often.\" \/>\n<meta property=\"og:url\" content=\"https:\/\/ottawainnercityhealth.ca\/fr\/plan-strategique\/\" \/>\n<meta property=\"og:site_name\" content=\"Ottawa Inner City Health Inc.\" \/>\n<meta property=\"article:modified_time\" content=\"2026-03-25T13:11:47+00:00\" \/>\n<meta property=\"og:image\" content=\"https:\/\/ottawainnercityhealth.ca\/wp-content\/uploads\/2026\/03\/Strategic-plan-vision-table.jpg\" \/>\n\t<meta property=\"og:image:width\" content=\"2320\" \/>\n\t<meta property=\"og:image:height\" content=\"1258\" \/>\n\t<meta property=\"og:image:type\" content=\"image\/jpeg\" \/>\n<meta name=\"twitter:card\" content=\"summary_large_image\" \/>\n<meta name=\"twitter:label1\" content=\"Est. reading time\" \/>\n\t<meta name=\"twitter:data1\" content=\"1 minute\" \/>\n<script type=\"application\/ld+json\" class=\"yoast-schema-graph\">{\"@context\":\"https:\\\/\\\/schema.org\",\"@graph\":[{\"@type\":\"WebPage\",\"@id\":\"https:\\\/\\\/ottawainnercityhealth.ca\\\/fr\\\/plan-strategique\\\/\",\"url\":\"https:\\\/\\\/ottawainnercityhealth.ca\\\/fr\\\/plan-strategique\\\/\",\"name\":\"Plan strat\u00e9gique - Ottawa Inner City Health Inc.\",\"isPartOf\":{\"@id\":\"https:\\\/\\\/ottawainnercityhealth.ca\\\/fr\\\/#website\"},\"primaryImageOfPage\":{\"@id\":\"https:\\\/\\\/ottawainnercityhealth.ca\\\/fr\\\/plan-strategique\\\/#primaryimage\"},\"image\":{\"@id\":\"https:\\\/\\\/ottawainnercityhealth.ca\\\/fr\\\/plan-strategique\\\/#primaryimage\"},\"thumbnailUrl\":\"https:\\\/\\\/ottawainnercityhealth.ca\\\/wp-content\\\/uploads\\\/2026\\\/03\\\/Strategic-plan-vision-table-1024x555.jpg\",\"datePublished\":\"2025-06-20T19:18:59+00:00\",\"dateModified\":\"2026-03-25T13:11:47+00:00\",\"description\":\"We are regularly looking for skilled, compassionate and highly motivated people to join our team! Please check back often.\",\"breadcrumb\":{\"@id\":\"https:\\\/\\\/ottawainnercityhealth.ca\\\/fr\\\/plan-strategique\\\/#breadcrumb\"},\"inLanguage\":\"fr-FR\",\"potentialAction\":[{\"@type\":\"ReadAction\",\"target\":[\"https:\\\/\\\/ottawainnercityhealth.ca\\\/fr\\\/plan-strategique\\\/\"]}]},{\"@type\":\"ImageObject\",\"inLanguage\":\"fr-FR\",\"@id\":\"https:\\\/\\\/ottawainnercityhealth.ca\\\/fr\\\/plan-strategique\\\/#primaryimage\",\"url\":\"https:\\\/\\\/ottawainnercityhealth.ca\\\/wp-content\\\/uploads\\\/2026\\\/03\\\/Strategic-plan-vision-table-1024x555.jpg\",\"contentUrl\":\"https:\\\/\\\/ottawainnercityhealth.ca\\\/wp-content\\\/uploads\\\/2026\\\/03\\\/Strategic-plan-vision-table-1024x555.jpg\"},{\"@type\":\"BreadcrumbList\",\"@id\":\"https:\\\/\\\/ottawainnercityhealth.ca\\\/fr\\\/plan-strategique\\\/#breadcrumb\",\"itemListElement\":[{\"@type\":\"ListItem\",\"position\":1,\"name\":\"Home\",\"item\":\"https:\\\/\\\/ottawainnercityhealth.ca\\\/fr\\\/\"},{\"@type\":\"ListItem\",\"position\":2,\"name\":\"Plan strat\u00e9gique\"}]},{\"@type\":\"WebSite\",\"@id\":\"https:\\\/\\\/ottawainnercityhealth.ca\\\/fr\\\/#website\",\"url\":\"https:\\\/\\\/ottawainnercityhealth.ca\\\/fr\\\/\",\"name\":\"Ottawa Inner City Health Inc.\",\"description\":\"\",\"publisher\":{\"@id\":\"https:\\\/\\\/ottawainnercityhealth.ca\\\/fr\\\/#organization\"},\"potentialAction\":[{\"@type\":\"SearchAction\",\"target\":{\"@type\":\"EntryPoint\",\"urlTemplate\":\"https:\\\/\\\/ottawainnercityhealth.ca\\\/fr\\\/?s={search_term_string}\"},\"query-input\":{\"@type\":\"PropertyValueSpecification\",\"valueRequired\":true,\"valueName\":\"search_term_string\"}}],\"inLanguage\":\"fr-FR\"},{\"@type\":\"Organization\",\"@id\":\"https:\\\/\\\/ottawainnercityhealth.ca\\\/fr\\\/#organization\",\"name\":\"Ottawa Inner City Health Inc.\",\"url\":\"https:\\\/\\\/ottawainnercityhealth.ca\\\/fr\\\/\",\"logo\":{\"@type\":\"ImageObject\",\"inLanguage\":\"fr-FR\",\"@id\":\"https:\\\/\\\/ottawainnercityhealth.ca\\\/fr\\\/#\\\/schema\\\/logo\\\/image\\\/\",\"url\":\"https:\\\/\\\/ottawainnercityhealth.ca\\\/wp-content\\\/uploads\\\/2023\\\/02\\\/OICH_Branding_H_RGB.svg\",\"contentUrl\":\"https:\\\/\\\/ottawainnercityhealth.ca\\\/wp-content\\\/uploads\\\/2023\\\/02\\\/OICH_Branding_H_RGB.svg\",\"width\":864,\"height\":247,\"caption\":\"Ottawa Inner City Health Inc.\"},\"image\":{\"@id\":\"https:\\\/\\\/ottawainnercityhealth.ca\\\/fr\\\/#\\\/schema\\\/logo\\\/image\\\/\"}}]}<\/script>\n<!-- \/ Yoast SEO plugin. -->","yoast_head_json":{"title":"Plan strat\u00e9gique - Ottawa Inner City Health Inc.","description":"We are regularly looking for skilled, compassionate and highly motivated people to join our team! Please check back often.","robots":{"index":"index","follow":"follow","max-snippet":"max-snippet:-1","max-image-preview":"max-image-preview:large","max-video-preview":"max-video-preview:-1"},"canonical":"https:\/\/ottawainnercityhealth.ca\/fr\/plan-strategique\/","og_locale":"fr_FR","og_type":"article","og_title":"Plan strat\u00e9gique - Ottawa Inner City Health Inc.","og_description":"We are regularly looking for skilled, compassionate and highly motivated people to join our team! Please check back often.","og_url":"https:\/\/ottawainnercityhealth.ca\/fr\/plan-strategique\/","og_site_name":"Ottawa Inner City Health Inc.","article_modified_time":"2026-03-25T13:11:47+00:00","og_image":[{"width":2320,"height":1258,"url":"https:\/\/ottawainnercityhealth.ca\/wp-content\/uploads\/2026\/03\/Strategic-plan-vision-table.jpg","type":"image\/jpeg"}],"twitter_card":"summary_large_image","twitter_misc":{"Est. reading time":"1 minute"},"schema":{"@context":"https:\/\/schema.org","@graph":[{"@type":"WebPage","@id":"https:\/\/ottawainnercityhealth.ca\/fr\/plan-strategique\/","url":"https:\/\/ottawainnercityhealth.ca\/fr\/plan-strategique\/","name":"Plan strat\u00e9gique - Ottawa Inner City Health Inc.","isPartOf":{"@id":"https:\/\/ottawainnercityhealth.ca\/fr\/#website"},"primaryImageOfPage":{"@id":"https:\/\/ottawainnercityhealth.ca\/fr\/plan-strategique\/#primaryimage"},"image":{"@id":"https:\/\/ottawainnercityhealth.ca\/fr\/plan-strategique\/#primaryimage"},"thumbnailUrl":"https:\/\/ottawainnercityhealth.ca\/wp-content\/uploads\/2026\/03\/Strategic-plan-vision-table-1024x555.jpg","datePublished":"2025-06-20T19:18:59+00:00","dateModified":"2026-03-25T13:11:47+00:00","description":"We are regularly looking for skilled, compassionate and highly motivated people to join our team! Please check back often.","breadcrumb":{"@id":"https:\/\/ottawainnercityhealth.ca\/fr\/plan-strategique\/#breadcrumb"},"inLanguage":"fr-FR","potentialAction":[{"@type":"ReadAction","target":["https:\/\/ottawainnercityhealth.ca\/fr\/plan-strategique\/"]}]},{"@type":"ImageObject","inLanguage":"fr-FR","@id":"https:\/\/ottawainnercityhealth.ca\/fr\/plan-strategique\/#primaryimage","url":"https:\/\/ottawainnercityhealth.ca\/wp-content\/uploads\/2026\/03\/Strategic-plan-vision-table-1024x555.jpg","contentUrl":"https:\/\/ottawainnercityhealth.ca\/wp-content\/uploads\/2026\/03\/Strategic-plan-vision-table-1024x555.jpg"},{"@type":"BreadcrumbList","@id":"https:\/\/ottawainnercityhealth.ca\/fr\/plan-strategique\/#breadcrumb","itemListElement":[{"@type":"ListItem","position":1,"name":"Home","item":"https:\/\/ottawainnercityhealth.ca\/fr\/"},{"@type":"ListItem","position":2,"name":"Plan strat\u00e9gique"}]},{"@type":"WebSite","@id":"https:\/\/ottawainnercityhealth.ca\/fr\/#website","url":"https:\/\/ottawainnercityhealth.ca\/fr\/","name":"Ottawa Inner City Health Inc.","description":"","publisher":{"@id":"https:\/\/ottawainnercityhealth.ca\/fr\/#organization"},"potentialAction":[{"@type":"SearchAction","target":{"@type":"EntryPoint","urlTemplate":"https:\/\/ottawainnercityhealth.ca\/fr\/?s={search_term_string}"},"query-input":{"@type":"PropertyValueSpecification","valueRequired":true,"valueName":"search_term_string"}}],"inLanguage":"fr-FR"},{"@type":"Organization","@id":"https:\/\/ottawainnercityhealth.ca\/fr\/#organization","name":"Ottawa Inner City Health Inc.","url":"https:\/\/ottawainnercityhealth.ca\/fr\/","logo":{"@type":"ImageObject","inLanguage":"fr-FR","@id":"https:\/\/ottawainnercityhealth.ca\/fr\/#\/schema\/logo\/image\/","url":"https:\/\/ottawainnercityhealth.ca\/wp-content\/uploads\/2023\/02\/OICH_Branding_H_RGB.svg","contentUrl":"https:\/\/ottawainnercityhealth.ca\/wp-content\/uploads\/2023\/02\/OICH_Branding_H_RGB.svg","width":864,"height":247,"caption":"Ottawa Inner City Health Inc."},"image":{"@id":"https:\/\/ottawainnercityhealth.ca\/fr\/#\/schema\/logo\/image\/"}}]}},"_links":{"self":[{"href":"https:\/\/ottawainnercityhealth.ca\/fr\/wp-json\/wp\/v2\/pages\/4488","targetHints":{"allow":["GET"]}}],"collection":[{"href":"https:\/\/ottawainnercityhealth.ca\/fr\/wp-json\/wp\/v2\/pages"}],"about":[{"href":"https:\/\/ottawainnercityhealth.ca\/fr\/wp-json\/wp\/v2\/types\/page"}],"author":[{"embeddable":true,"href":"https:\/\/ottawainnercityhealth.ca\/fr\/wp-json\/wp\/v2\/users\/3"}],"replies":[{"embeddable":true,"href":"https:\/\/ottawainnercityhealth.ca\/fr\/wp-json\/wp\/v2\/comments?post=4488"}],"version-history":[{"count":7,"href":"https:\/\/ottawainnercityhealth.ca\/fr\/wp-json\/wp\/v2\/pages\/4488\/revisions"}],"predecessor-version":[{"id":4674,"href":"https:\/\/ottawainnercityhealth.ca\/fr\/wp-json\/wp\/v2\/pages\/4488\/revisions\/4674"}],"wp:attachment":[{"href":"https:\/\/ottawainnercityhealth.ca\/fr\/wp-json\/wp\/v2\/media?parent=4488"}],"curies":[{"name":"wp","href":"https:\/\/api.w.org\/{rel}","templated":true}]}}