{"id":4490,"date":"2025-06-16T09:02:42","date_gmt":"2025-06-16T13:02:42","guid":{"rendered":"https:\/\/ottawainnercityhealth.ca\/video-library\/"},"modified":"2026-03-25T11:39:32","modified_gmt":"2026-03-25T15:39:32","slug":"bibliotheque-video","status":"publish","type":"page","link":"https:\/\/ottawainnercityhealth.ca\/fr\/bibliotheque-video\/","title":{"rendered":"Biblioth\u00e8que vid\u00e9o"},"content":{"rendered":"\t\t<div data-elementor-type=\"wp-page\" data-elementor-id=\"4490\" class=\"elementor elementor-4490 elementor-4135\" data-elementor-post-type=\"page\">\n\t\t\t\t\t\t<section class=\"elementor-section elementor-top-section elementor-element elementor-element-e8ce9e8 elementor-section-height-min-height elementor-section-full_width elementor-section-height-default elementor-section-items-middle\" data-id=\"e8ce9e8\" data-element_type=\"section\" data-e-type=\"section\" data-settings=\"{&quot;background_background&quot;:&quot;classic&quot;}\">\n\t\t\t\t\t\t<div class=\"elementor-container elementor-column-gap-no\">\n\t\t\t\t\t<div class=\"elementor-column elementor-col-100 elementor-top-column elementor-element elementor-element-529f4f9\" data-id=\"529f4f9\" data-element_type=\"column\" data-e-type=\"column\">\n\t\t\t<div class=\"elementor-widget-wrap\">\n\t\t\t\t\t\t\t<\/div>\n\t\t<\/div>\n\t\t\t\t\t<\/div>\n\t\t<\/section>\n\t\t\t\t<section class=\"elementor-section elementor-top-section elementor-element elementor-element-4a8a9e7 elementor-section-boxed elementor-section-height-default elementor-section-height-default\" data-id=\"4a8a9e7\" data-element_type=\"section\" data-e-type=\"section\" data-settings=\"{&quot;background_background&quot;:&quot;gradient&quot;}\">\n\t\t\t\t\t\t<div class=\"elementor-container elementor-column-gap-default\">\n\t\t\t\t\t<div class=\"elementor-column elementor-col-100 elementor-top-column elementor-element elementor-element-df38733\" data-id=\"df38733\" data-element_type=\"column\" data-e-type=\"column\">\n\t\t\t<div class=\"elementor-widget-wrap elementor-element-populated\">\n\t\t\t\t\t\t<div class=\"elementor-element elementor-element-2d4da17 animated-fast elementor-invisible elementor-widget elementor-widget-heading\" data-id=\"2d4da17\" data-element_type=\"widget\" data-e-type=\"widget\" data-settings=\"{&quot;_animation&quot;:&quot;fadeInRightShorter&quot;}\" data-widget_type=\"heading.default\">\n\t\t\t\t<div class=\"elementor-widget-container\">\n\t\t\t\t\t<h6 class=\"elementor-heading-title elementor-size-default\">Inscrivez vous d\u00e8s maintenant aux alertes sur les drogues en visitant  <a style=\"text-decoration: underline\" href=\"https:\/\/www.ottawapublichealth.ca\/en\/public-health-services\/stop-overdose-ottawa.aspx\" target=\"_blank\">StopOverdoseOttawa.ca<\/a>  or <a style=\"text-decoration: underline\" href=\"https:\/\/arretoverdoseottawa.ca\" target=\"_blank\">ArretOverdoseOttawa.ca<\/a><\/h6>\t\t\t\t<\/div>\n\t\t\t\t<\/div>\n\t\t\t\t\t<\/div>\n\t\t<\/div>\n\t\t\t\t\t<\/div>\n\t\t<\/section>\n\t\t\t\t<section class=\"elementor-section elementor-top-section elementor-element elementor-element-b00fbb0 elementor-section-boxed elementor-section-height-default elementor-section-height-default\" data-id=\"b00fbb0\" data-element_type=\"section\" data-e-type=\"section\" id=\"volunteer-opportunities\">\n\t\t\t\t\t\t<div class=\"elementor-container elementor-column-gap-default\">\n\t\t\t\t\t<div class=\"elementor-column elementor-col-100 elementor-top-column elementor-element elementor-element-a05a75f\" data-id=\"a05a75f\" data-element_type=\"column\" data-e-type=\"column\">\n\t\t\t<div class=\"elementor-widget-wrap elementor-element-populated\">\n\t\t\t\t\t\t<div class=\"elementor-element elementor-element-756778c elementor-invisible elementor-widget elementor-widget-heading\" data-id=\"756778c\" data-element_type=\"widget\" data-e-type=\"widget\" data-settings=\"{&quot;_animation&quot;:&quot;fadeInDownShorter&quot;}\" data-widget_type=\"heading.default\">\n\t\t\t\t<div class=\"elementor-widget-container\">\n\t\t\t\t\t<h2 class=\"elementor-heading-title elementor-size-default\">Biblioth\u00e8que vid\u00e9o<\/h2>\t\t\t\t<\/div>\n\t\t\t\t<\/div>\n\t\t\t\t<div class=\"elementor-element elementor-element-a87a852 elementor-widget elementor-widget-video\" data-id=\"a87a852\" data-element_type=\"widget\" data-e-type=\"widget\" data-settings=\"{&quot;youtube_url&quot;:&quot;https:\\\/\\\/www.youtube.com\\\/watch?v=r8Y6Bl0USnw&quot;,&quot;video_type&quot;:&quot;youtube&quot;,&quot;controls&quot;:&quot;yes&quot;}\" data-widget_type=\"video.default\">\n\t\t\t\t<div class=\"elementor-widget-container\">\n\t\t\t\t\t\t\t<div class=\"elementor-wrapper elementor-open-inline\">\n\t\t\t<div class=\"elementor-video\"><\/div>\t\t<\/div>\n\t\t\t\t\t\t<\/div>\n\t\t\t\t<\/div>\n\t\t\t\t<div class=\"elementor-element elementor-element-b38392c elementor-invisible elementor-widget elementor-widget-text-editor\" data-id=\"b38392c\" data-element_type=\"widget\" data-e-type=\"widget\" data-settings=\"{&quot;_animation&quot;:&quot;fadeIn&quot;}\" data-widget_type=\"text-editor.default\">\n\t\t\t\t<div class=\"elementor-widget-container\">\n\t\t\t\t\t\t\t\t\t<p><iframe style=\"border-radius: 12px;\" src=\"https:\/\/open.spotify.com\/embed\/episode\/4qvmZtmCNsbCRlORbrvCxc?utm_source=generator\" width=\"100%\" height=\"152\" frameborder=\"0\" allowfullscreen=\"allowfullscreen\"><span data-mce-type=\"bookmark\" style=\"display: inline-block; width: 0px; overflow: hidden; line-height: 0;\" class=\"mce_SELRES_start\">\ufeff<\/span><\/iframe><br \/><iframe src=\"https:\/\/www.youtube.com\/embed\/6AeHMurudlo\" width=\"100%\" height=\"315\" frameborder=\"0\" allowfullscreen=\"allowfullscreen\"><\/iframe><br \/><iframe src=\"https:\/\/player.vimeo.com\/video\/126427329\" width=\"100%\" height=\"315\" frameborder=\"0\" allowfullscreen=\"allowfullscreen\"><\/iframe><\/p><div style=\"text-align: center; padding-top: 20px;\"><div style=\"padding: 10px 20px;\"><iframe src=\"https:\/\/omny.fm\/shows\/580-cfra\/hour-2-of-ottawa-now-for-thurs-june-20th-2024\/embed\" width=\"100%\" height=\"180\" frameborder=\"0\" allowfullscreen=\"allowfullscreen\"><\/iframe><\/div><\/div>\t\t\t\t\t\t\t\t<\/div>\n\t\t\t\t<\/div>\n\t\t\t\t\t<\/div>\n\t\t<\/div>\n\t\t\t\t\t<\/div>\n\t\t<\/section>\n\t\t\t\t<\/div>\n\t\t","protected":false},"excerpt":{"rendered":"<p>Inscrivez vous d\u00e8s maintenant aux alertes sur les drogues en visitant StopOverdoseOttawa.ca or ArretOverdoseOttawa.ca Biblioth\u00e8que vid\u00e9o https:\/\/www.youtube.com\/watch?v=r8Y6Bl0USnw \ufeff<\/p>\n","protected":false},"author":9,"featured_media":0,"parent":0,"menu_order":6,"comment_status":"closed","ping_status":"closed","template":"elementor_header_footer","meta":{"nf_dc_page":"","om_disable_all_campaigns":false,"_monsterinsights_skip_tracking":false,"_monsterinsights_sitenote_active":false,"_monsterinsights_sitenote_note":"","_monsterinsights_sitenote_category":0,"footnotes":"","_links_to":"","_links_to_target":""},"class_list":["post-4490","page","type-page","status-publish","hentry"],"aioseo_notices":[],"yoast_head":"<!-- This site is optimized with the Yoast SEO plugin v27.3 - https:\/\/yoast.com\/product\/yoast-seo-wordpress\/ -->\n<title>Biblioth\u00e8que vid\u00e9o - Ottawa Inner City Health Inc.<\/title>\n<meta name=\"description\" content=\"We are regularly looking for skilled, compassionate and highly motivated people to join our team! Please check back often.\" \/>\n<meta name=\"robots\" content=\"index, follow, max-snippet:-1, max-image-preview:large, max-video-preview:-1\" \/>\n<link rel=\"canonical\" href=\"https:\/\/ottawainnercityhealth.ca\/fr\/bibliotheque-video\/\" \/>\n<meta property=\"og:locale\" content=\"fr_FR\" \/>\n<meta property=\"og:type\" content=\"article\" \/>\n<meta property=\"og:title\" content=\"Biblioth\u00e8que vid\u00e9o - Ottawa Inner City Health Inc.\" \/>\n<meta property=\"og:description\" content=\"We are regularly looking for skilled, compassionate and highly motivated people to join our team! Please check back often.\" \/>\n<meta property=\"og:url\" content=\"https:\/\/ottawainnercityhealth.ca\/fr\/bibliotheque-video\/\" \/>\n<meta property=\"og:site_name\" content=\"Ottawa Inner City Health Inc.\" \/>\n<meta property=\"article:modified_time\" content=\"2026-03-25T15:39:32+00:00\" \/>\n<meta name=\"twitter:card\" content=\"summary_large_image\" \/>\n<meta name=\"twitter:label1\" content=\"Est. reading time\" \/>\n\t<meta name=\"twitter:data1\" content=\"1 minute\" \/>\n<script type=\"application\/ld+json\" class=\"yoast-schema-graph\">{\"@context\":\"https:\\\/\\\/schema.org\",\"@graph\":[{\"@type\":\"WebPage\",\"@id\":\"https:\\\/\\\/ottawainnercityhealth.ca\\\/fr\\\/bibliotheque-video\\\/\",\"url\":\"https:\\\/\\\/ottawainnercityhealth.ca\\\/fr\\\/bibliotheque-video\\\/\",\"name\":\"Biblioth\u00e8que vid\u00e9o - Ottawa Inner City Health Inc.\",\"isPartOf\":{\"@id\":\"https:\\\/\\\/ottawainnercityhealth.ca\\\/fr\\\/#website\"},\"datePublished\":\"2025-06-16T13:02:42+00:00\",\"dateModified\":\"2026-03-25T15:39:32+00:00\",\"description\":\"We are regularly looking for skilled, compassionate and highly motivated people to join our team! Please check back often.\",\"breadcrumb\":{\"@id\":\"https:\\\/\\\/ottawainnercityhealth.ca\\\/fr\\\/bibliotheque-video\\\/#breadcrumb\"},\"inLanguage\":\"fr-FR\",\"potentialAction\":[{\"@type\":\"ReadAction\",\"target\":[\"https:\\\/\\\/ottawainnercityhealth.ca\\\/fr\\\/bibliotheque-video\\\/\"]}]},{\"@type\":\"BreadcrumbList\",\"@id\":\"https:\\\/\\\/ottawainnercityhealth.ca\\\/fr\\\/bibliotheque-video\\\/#breadcrumb\",\"itemListElement\":[{\"@type\":\"ListItem\",\"position\":1,\"name\":\"Home\",\"item\":\"https:\\\/\\\/ottawainnercityhealth.ca\\\/fr\\\/\"},{\"@type\":\"ListItem\",\"position\":2,\"name\":\"Biblioth\u00e8que vid\u00e9o\"}]},{\"@type\":\"WebSite\",\"@id\":\"https:\\\/\\\/ottawainnercityhealth.ca\\\/fr\\\/#website\",\"url\":\"https:\\\/\\\/ottawainnercityhealth.ca\\\/fr\\\/\",\"name\":\"Ottawa Inner City Health Inc.\",\"description\":\"\",\"publisher\":{\"@id\":\"https:\\\/\\\/ottawainnercityhealth.ca\\\/fr\\\/#organization\"},\"potentialAction\":[{\"@type\":\"SearchAction\",\"target\":{\"@type\":\"EntryPoint\",\"urlTemplate\":\"https:\\\/\\\/ottawainnercityhealth.ca\\\/fr\\\/?s={search_term_string}\"},\"query-input\":{\"@type\":\"PropertyValueSpecification\",\"valueRequired\":true,\"valueName\":\"search_term_string\"}}],\"inLanguage\":\"fr-FR\"},{\"@type\":\"Organization\",\"@id\":\"https:\\\/\\\/ottawainnercityhealth.ca\\\/fr\\\/#organization\",\"name\":\"Ottawa Inner City Health Inc.\",\"url\":\"https:\\\/\\\/ottawainnercityhealth.ca\\\/fr\\\/\",\"logo\":{\"@type\":\"ImageObject\",\"inLanguage\":\"fr-FR\",\"@id\":\"https:\\\/\\\/ottawainnercityhealth.ca\\\/fr\\\/#\\\/schema\\\/logo\\\/image\\\/\",\"url\":\"https:\\\/\\\/ottawainnercityhealth.ca\\\/wp-content\\\/uploads\\\/2023\\\/02\\\/OICH_Branding_H_RGB.svg\",\"contentUrl\":\"https:\\\/\\\/ottawainnercityhealth.ca\\\/wp-content\\\/uploads\\\/2023\\\/02\\\/OICH_Branding_H_RGB.svg\",\"width\":864,\"height\":247,\"caption\":\"Ottawa Inner City Health Inc.\"},\"image\":{\"@id\":\"https:\\\/\\\/ottawainnercityhealth.ca\\\/fr\\\/#\\\/schema\\\/logo\\\/image\\\/\"}}]}<\/script>\n<!-- \/ Yoast SEO plugin. -->","yoast_head_json":{"title":"Biblioth\u00e8que vid\u00e9o - Ottawa Inner City Health Inc.","description":"We are regularly looking for skilled, compassionate and highly motivated people to join our team! Please check back often.","robots":{"index":"index","follow":"follow","max-snippet":"max-snippet:-1","max-image-preview":"max-image-preview:large","max-video-preview":"max-video-preview:-1"},"canonical":"https:\/\/ottawainnercityhealth.ca\/fr\/bibliotheque-video\/","og_locale":"fr_FR","og_type":"article","og_title":"Biblioth\u00e8que vid\u00e9o - Ottawa Inner City Health Inc.","og_description":"We are regularly looking for skilled, compassionate and highly motivated people to join our team! Please check back often.","og_url":"https:\/\/ottawainnercityhealth.ca\/fr\/bibliotheque-video\/","og_site_name":"Ottawa Inner City Health Inc.","article_modified_time":"2026-03-25T15:39:32+00:00","twitter_card":"summary_large_image","twitter_misc":{"Est. reading time":"1 minute"},"schema":{"@context":"https:\/\/schema.org","@graph":[{"@type":"WebPage","@id":"https:\/\/ottawainnercityhealth.ca\/fr\/bibliotheque-video\/","url":"https:\/\/ottawainnercityhealth.ca\/fr\/bibliotheque-video\/","name":"Biblioth\u00e8que vid\u00e9o - Ottawa Inner City Health Inc.","isPartOf":{"@id":"https:\/\/ottawainnercityhealth.ca\/fr\/#website"},"datePublished":"2025-06-16T13:02:42+00:00","dateModified":"2026-03-25T15:39:32+00:00","description":"We are regularly looking for skilled, compassionate and highly motivated people to join our team! Please check back often.","breadcrumb":{"@id":"https:\/\/ottawainnercityhealth.ca\/fr\/bibliotheque-video\/#breadcrumb"},"inLanguage":"fr-FR","potentialAction":[{"@type":"ReadAction","target":["https:\/\/ottawainnercityhealth.ca\/fr\/bibliotheque-video\/"]}]},{"@type":"BreadcrumbList","@id":"https:\/\/ottawainnercityhealth.ca\/fr\/bibliotheque-video\/#breadcrumb","itemListElement":[{"@type":"ListItem","position":1,"name":"Home","item":"https:\/\/ottawainnercityhealth.ca\/fr\/"},{"@type":"ListItem","position":2,"name":"Biblioth\u00e8que vid\u00e9o"}]},{"@type":"WebSite","@id":"https:\/\/ottawainnercityhealth.ca\/fr\/#website","url":"https:\/\/ottawainnercityhealth.ca\/fr\/","name":"Ottawa Inner City Health Inc.","description":"","publisher":{"@id":"https:\/\/ottawainnercityhealth.ca\/fr\/#organization"},"potentialAction":[{"@type":"SearchAction","target":{"@type":"EntryPoint","urlTemplate":"https:\/\/ottawainnercityhealth.ca\/fr\/?s={search_term_string}"},"query-input":{"@type":"PropertyValueSpecification","valueRequired":true,"valueName":"search_term_string"}}],"inLanguage":"fr-FR"},{"@type":"Organization","@id":"https:\/\/ottawainnercityhealth.ca\/fr\/#organization","name":"Ottawa Inner City Health Inc.","url":"https:\/\/ottawainnercityhealth.ca\/fr\/","logo":{"@type":"ImageObject","inLanguage":"fr-FR","@id":"https:\/\/ottawainnercityhealth.ca\/fr\/#\/schema\/logo\/image\/","url":"https:\/\/ottawainnercityhealth.ca\/wp-content\/uploads\/2023\/02\/OICH_Branding_H_RGB.svg","contentUrl":"https:\/\/ottawainnercityhealth.ca\/wp-content\/uploads\/2023\/02\/OICH_Branding_H_RGB.svg","width":864,"height":247,"caption":"Ottawa Inner City Health Inc."},"image":{"@id":"https:\/\/ottawainnercityhealth.ca\/fr\/#\/schema\/logo\/image\/"}}]}},"_links":{"self":[{"href":"https:\/\/ottawainnercityhealth.ca\/fr\/wp-json\/wp\/v2\/pages\/4490","targetHints":{"allow":["GET"]}}],"collection":[{"href":"https:\/\/ottawainnercityhealth.ca\/fr\/wp-json\/wp\/v2\/pages"}],"about":[{"href":"https:\/\/ottawainnercityhealth.ca\/fr\/wp-json\/wp\/v2\/types\/page"}],"author":[{"embeddable":true,"href":"https:\/\/ottawainnercityhealth.ca\/fr\/wp-json\/wp\/v2\/users\/9"}],"replies":[{"embeddable":true,"href":"https:\/\/ottawainnercityhealth.ca\/fr\/wp-json\/wp\/v2\/comments?post=4490"}],"version-history":[{"count":4,"href":"https:\/\/ottawainnercityhealth.ca\/fr\/wp-json\/wp\/v2\/pages\/4490\/revisions"}],"predecessor-version":[{"id":4774,"href":"https:\/\/ottawainnercityhealth.ca\/fr\/wp-json\/wp\/v2\/pages\/4490\/revisions\/4774"}],"wp:attachment":[{"href":"https:\/\/ottawainnercityhealth.ca\/fr\/wp-json\/wp\/v2\/media?parent=4490"}],"curies":[{"name":"wp","href":"https:\/\/api.w.org\/{rel}","templated":true}]}}