{"id":4497,"date":"2025-01-13T10:48:44","date_gmt":"2025-01-13T15:48:44","guid":{"rendered":"https:\/\/ottawainnercityhealth.ca\/in-the-news\/"},"modified":"2026-04-14T05:00:22","modified_gmt":"2026-04-14T09:00:22","slug":"dans-les-nouvelles","status":"publish","type":"page","link":"https:\/\/ottawainnercityhealth.ca\/fr\/dans-les-nouvelles\/","title":{"rendered":"Nouvelles"},"content":{"rendered":"\t\t<div data-elementor-type=\"wp-page\" data-elementor-id=\"4497\" class=\"elementor elementor-4497 elementor-3027\" data-elementor-post-type=\"page\">\n\t\t\t\t\t\t<section class=\"elementor-section elementor-top-section elementor-element elementor-element-2e9a7ee elementor-section-height-min-height elementor-section-full_width elementor-section-height-default elementor-section-items-middle\" data-id=\"2e9a7ee\" data-element_type=\"section\" data-e-type=\"section\" data-settings=\"{&quot;background_background&quot;:&quot;classic&quot;}\">\n\t\t\t\t\t\t<div class=\"elementor-container elementor-column-gap-no\">\n\t\t\t\t\t<div class=\"elementor-column elementor-col-100 elementor-top-column elementor-element elementor-element-8637da6\" data-id=\"8637da6\" data-element_type=\"column\" data-e-type=\"column\">\n\t\t\t<div class=\"elementor-widget-wrap\">\n\t\t\t\t\t\t\t<\/div>\n\t\t<\/div>\n\t\t\t\t\t<\/div>\n\t\t<\/section>\n\t\t\t\t<section class=\"elementor-section elementor-top-section elementor-element elementor-element-9ab8270 elementor-section-boxed elementor-section-height-default elementor-section-height-default\" data-id=\"9ab8270\" data-element_type=\"section\" data-e-type=\"section\" data-settings=\"{&quot;background_background&quot;:&quot;gradient&quot;}\">\n\t\t\t\t\t\t<div class=\"elementor-container elementor-column-gap-default\">\n\t\t\t\t\t<div class=\"elementor-column elementor-col-100 elementor-top-column elementor-element elementor-element-a1d3f14\" data-id=\"a1d3f14\" data-element_type=\"column\" data-e-type=\"column\">\n\t\t\t<div class=\"elementor-widget-wrap elementor-element-populated\">\n\t\t\t\t\t\t<div class=\"elementor-element elementor-element-3894840 animated-fast elementor-invisible elementor-widget elementor-widget-heading\" data-id=\"3894840\" data-element_type=\"widget\" data-e-type=\"widget\" data-settings=\"{&quot;_animation&quot;:&quot;fadeInRightShorter&quot;}\" data-widget_type=\"heading.default\">\n\t\t\t\t<div class=\"elementor-widget-container\">\n\t\t\t\t\t<h6 class=\"elementor-heading-title elementor-size-default\">Inscrivez vous d\u00e8s maintenant aux alertes sur les drogues en visitant  <a style=\"text-decoration: underline\" href=\"https:\/\/www.ottawapublichealth.ca\/en\/public-health-services\/stop-overdose-ottawa.aspx\" target=\"_blank\">StopOverdoseOttawa.ca<\/a>  or <a style=\"text-decoration: underline\" href=\"https:\/\/arretoverdoseottawa.ca\" target=\"_blank\">ArretOverdoseOttawa.ca<\/a><\/h6>\t\t\t\t<\/div>\n\t\t\t\t<\/div>\n\t\t\t\t\t<\/div>\n\t\t<\/div>\n\t\t\t\t\t<\/div>\n\t\t<\/section>\n\t\t\t\t<section class=\"elementor-section elementor-top-section elementor-element elementor-element-15589d4 elementor-section-boxed elementor-section-height-default elementor-section-height-default\" data-id=\"15589d4\" data-element_type=\"section\" data-e-type=\"section\">\n\t\t\t\t\t\t<div class=\"elementor-container elementor-column-gap-default\">\n\t\t\t\t\t<div class=\"elementor-column elementor-col-100 elementor-top-column elementor-element elementor-element-82cbb5e\" data-id=\"82cbb5e\" data-element_type=\"column\" data-e-type=\"column\">\n\t\t\t<div class=\"elementor-widget-wrap elementor-element-populated\">\n\t\t\t\t\t\t<div class=\"elementor-element elementor-element-96e6f60 elementor-invisible elementor-widget elementor-widget-heading\" data-id=\"96e6f60\" data-element_type=\"widget\" data-e-type=\"widget\" data-settings=\"{&quot;_animation&quot;:&quot;fadeInDownShorter&quot;}\" data-widget_type=\"heading.default\">\n\t\t\t\t<div class=\"elementor-widget-container\">\n\t\t\t\t\t<h2 class=\"elementor-heading-title elementor-size-default\">Nouvelles<\/h2>\t\t\t\t<\/div>\n\t\t\t\t<\/div>\n\t\t\t\t<div class=\"elementor-element elementor-element-480d177 elementor-invisible elementor-widget elementor-widget-text-editor\" data-id=\"480d177\" data-element_type=\"widget\" data-e-type=\"widget\" data-settings=\"{&quot;_animation&quot;:&quot;fadeIn&quot;}\" data-widget_type=\"text-editor.default\">\n\t\t\t\t<div class=\"elementor-widget-container\">\n\t\t\t\t\t\t\t\t\t<p>Pour en savoir plus sur nos activit\u00e9s et notre engagement au sein de la communaut\u00e9, consultez notre rubrique Actualit\u00e9s et nos pages sur les r\u00e9seaux sociaux. Notre rubrique Actualit\u00e9s pr\u00e9sente les actualit\u00e9s pertinentes et les articles de presse auxquels nous avons particip\u00e9, tandis que notre blog propose des articles informatifs sur l&#8217;actualit\u00e9 de notre organisation et des sujets li\u00e9s \u00e0 notre travail. Les m\u00e9dias et les organes de presse souhaitant r\u00e9aliser un reportage sur nous sont invit\u00e9s \u00e0 nous <strong><a href=\"https:\/\/ottawainnercityhealth.ca\/contactez-nous\/\">contacter<\/a><\/strong>.<\/p>\t\t\t\t\t\t\t\t<\/div>\n\t\t\t\t<\/div>\n\t\t\t\t\t<\/div>\n\t\t<\/div>\n\t\t\t\t\t<\/div>\n\t\t<\/section>\n\t\t\t\t<section class=\"elementor-section elementor-top-section elementor-element elementor-element-d9bd724 elementor-section-boxed elementor-section-height-default elementor-section-height-default\" data-id=\"d9bd724\" data-element_type=\"section\" data-e-type=\"section\">\n\t\t\t\t\t\t<div class=\"elementor-container elementor-column-gap-default\">\n\t\t\t\t\t<div class=\"elementor-column elementor-col-100 elementor-top-column elementor-element elementor-element-1582da4\" data-id=\"1582da4\" data-element_type=\"column\" data-e-type=\"column\">\n\t\t\t<div class=\"elementor-widget-wrap elementor-element-populated\">\n\t\t\t\t\t\t<div class=\"elementor-element elementor-element-d42a043 elementor-invisible elementor-widget elementor-widget-heading\" data-id=\"d42a043\" data-element_type=\"widget\" data-e-type=\"widget\" data-settings=\"{&quot;_animation&quot;:&quot;fadeInDownShorter&quot;}\" data-widget_type=\"heading.default\">\n\t\t\t\t<div class=\"elementor-widget-container\">\n\t\t\t\t\t<h2 class=\"elementor-heading-title elementor-size-default\">Nouvelles et Blog<\/h2>\t\t\t\t<\/div>\n\t\t\t\t<\/div>\n\t\t\t\t\t<\/div>\n\t\t<\/div>\n\t\t\t\t\t<\/div>\n\t\t<\/section>\n\t\t\t\t<section class=\"elementor-section elementor-top-section elementor-element elementor-element-659dab6c elementor-section-boxed elementor-section-height-default elementor-section-height-default\" data-id=\"659dab6c\" data-element_type=\"section\" data-e-type=\"section\">\n\t\t\t\t\t\t<div class=\"elementor-container elementor-column-gap-default\">\n\t\t\t\t\t<div class=\"elementor-column elementor-col-100 elementor-top-column elementor-element elementor-element-2e0c30e5\" data-id=\"2e0c30e5\" data-element_type=\"column\" data-e-type=\"column\">\n\t\t\t<div class=\"elementor-widget-wrap elementor-element-populated\">\n\t\t\t\t\t\t<section class=\"elementor-section elementor-inner-section elementor-element elementor-element-6a435c1f elementor-section-height-min-height elementor-section-boxed elementor-section-height-default\" data-id=\"6a435c1f\" data-element_type=\"section\" data-e-type=\"section\">\n\t\t\t\t\t\t<div class=\"elementor-container elementor-column-gap-default\">\n\t\t\t\t\t<div class=\"elementor-column elementor-col-50 elementor-inner-column elementor-element elementor-element-3eab0bb0\" data-id=\"3eab0bb0\" data-element_type=\"column\" data-e-type=\"column\" data-settings=\"{&quot;background_background&quot;:&quot;classic&quot;}\">\n\t\t\t<div class=\"elementor-widget-wrap elementor-element-populated\">\n\t\t\t\t\t\t<div class=\"elementor-element elementor-element-54f3557e elementor-vertical-align-top elementor-invisible elementor-widget elementor-widget-image-box\" data-id=\"54f3557e\" data-element_type=\"widget\" data-e-type=\"widget\" data-settings=\"{&quot;_animation&quot;:&quot;fadeInUpShorter&quot;}\" data-widget_type=\"image-box.default\">\n\t\t\t\t<div class=\"elementor-widget-container\">\n\t\t\t\t\t<div class=\"elementor-image-box-wrapper\"><div class=\"elementor-image-box-content\"><h4 class=\"elementor-image-box-title\">Nouvelles<\/h4><p class=\"elementor-image-box-description\">D\u00e9couvrez Ottawa Inner City Health et toutes nos activit\u00e9s dans la presse !<\/p><\/div><\/div>\t\t\t\t<\/div>\n\t\t\t\t<\/div>\n\t\t\t\t<div class=\"elementor-element elementor-element-39d56e5 elementor-align-left animated-slow elementor-invisible elementor-widget elementor-widget-button\" data-id=\"39d56e5\" data-element_type=\"widget\" data-e-type=\"widget\" data-settings=\"{&quot;_animation&quot;:&quot;fadeInRightShorter&quot;}\" data-widget_type=\"button.default\">\n\t\t\t\t<div class=\"elementor-widget-container\">\n\t\t\t\t\t\t\t\t\t<div class=\"elementor-button-wrapper\">\n\t\t\t\t\t<a class=\"elementor-button elementor-button-link elementor-size-sm\" href=\"https:\/\/ottawainnercityhealth.ca\/news\/\">\n\t\t\t\t\t\t<span class=\"elementor-button-content-wrapper\">\n\t\t\t\t\t\t\t\t\t<span class=\"elementor-button-text\">En savoir plus <i class=\"fa-solid fa-arrow-right-long\"><\/i><\/span>\n\t\t\t\t\t<\/span>\n\t\t\t\t\t<\/a>\n\t\t\t\t<\/div>\n\t\t\t\t\t\t\t\t<\/div>\n\t\t\t\t<\/div>\n\t\t\t\t\t<\/div>\n\t\t<\/div>\n\t\t\t\t<div class=\"elementor-column elementor-col-50 elementor-inner-column elementor-element elementor-element-5adda9f\" data-id=\"5adda9f\" data-element_type=\"column\" data-e-type=\"column\" data-settings=\"{&quot;background_background&quot;:&quot;classic&quot;}\">\n\t\t\t<div class=\"elementor-widget-wrap elementor-element-populated\">\n\t\t\t\t\t\t<div class=\"elementor-element elementor-element-1a31e701 elementor-vertical-align-top elementor-invisible elementor-widget elementor-widget-image-box\" data-id=\"1a31e701\" data-element_type=\"widget\" data-e-type=\"widget\" data-settings=\"{&quot;_animation&quot;:&quot;fadeInUpShorter&quot;}\" data-widget_type=\"image-box.default\">\n\t\t\t\t<div class=\"elementor-widget-container\">\n\t\t\t\t\t<div class=\"elementor-image-box-wrapper\"><div class=\"elementor-image-box-content\"><h4 class=\"elementor-image-box-title\">Blog<\/h4><p class=\"elementor-image-box-description\">Trouvez ici des informations utiles sur une vari\u00e9t\u00e9 de sujets li\u00e9s \u00e0 notre communaut\u00e9.<\/p><\/div><\/div>\t\t\t\t<\/div>\n\t\t\t\t<\/div>\n\t\t\t\t<div class=\"elementor-element elementor-element-32dd2c7 elementor-align-left animated-slow elementor-invisible elementor-widget elementor-widget-button\" data-id=\"32dd2c7\" data-element_type=\"widget\" data-e-type=\"widget\" data-settings=\"{&quot;_animation&quot;:&quot;fadeInRightShorter&quot;}\" data-widget_type=\"button.default\">\n\t\t\t\t<div class=\"elementor-widget-container\">\n\t\t\t\t\t\t\t\t\t<div class=\"elementor-button-wrapper\">\n\t\t\t\t\t<a class=\"elementor-button elementor-button-link elementor-size-sm\" href=\"https:\/\/ottawainnercityhealth.ca\/blog\/\">\n\t\t\t\t\t\t<span class=\"elementor-button-content-wrapper\">\n\t\t\t\t\t\t\t\t\t<span class=\"elementor-button-text\">En savoir plus <i class=\"fa-solid fa-arrow-right-long\"><\/i><\/span>\n\t\t\t\t\t<\/span>\n\t\t\t\t\t<\/a>\n\t\t\t\t<\/div>\n\t\t\t\t\t\t\t\t<\/div>\n\t\t\t\t<\/div>\n\t\t\t\t\t<\/div>\n\t\t<\/div>\n\t\t\t\t\t<\/div>\n\t\t<\/section>\n\t\t\t\t\t<\/div>\n\t\t<\/div>\n\t\t\t\t\t<\/div>\n\t\t<\/section>\n\t\t\t\t<\/div>\n\t\t","protected":false},"excerpt":{"rendered":"<p>Inscrivez vous d\u00e8s maintenant aux alertes sur les drogues en visitant StopOverdoseOttawa.ca or ArretOverdoseOttawa.ca Nouvelles Pour en savoir plus sur nos activit\u00e9s et notre engagement au sein de la communaut\u00e9, [&hellip;]<\/p>\n","protected":false},"author":9,"featured_media":0,"parent":0,"menu_order":8,"comment_status":"closed","ping_status":"closed","template":"","meta":{"nf_dc_page":"","om_disable_all_campaigns":false,"_monsterinsights_skip_tracking":false,"_monsterinsights_sitenote_active":false,"_monsterinsights_sitenote_note":"","_monsterinsights_sitenote_category":0,"footnotes":"","_links_to":"","_links_to_target":""},"class_list":["post-4497","page","type-page","status-publish","hentry"],"aioseo_notices":[],"yoast_head":"<!-- This site is optimized with the Yoast SEO plugin v27.3 - https:\/\/yoast.com\/product\/yoast-seo-wordpress\/ -->\n<title>Nouvelles - Ottawa Inner City Health Inc.<\/title>\n<meta name=\"description\" content=\"Explore the work we do to address the health and well being of people who are impacted by the housing crisis and the toxic drug supply.\" \/>\n<meta name=\"robots\" content=\"index, follow, max-snippet:-1, max-image-preview:large, max-video-preview:-1\" \/>\n<link rel=\"canonical\" href=\"https:\/\/ottawainnercityhealth.ca\/fr\/dans-les-nouvelles\/\" \/>\n<meta property=\"og:locale\" content=\"fr_FR\" \/>\n<meta property=\"og:type\" content=\"article\" \/>\n<meta property=\"og:title\" content=\"Nouvelles - Ottawa Inner City Health Inc.\" \/>\n<meta property=\"og:description\" content=\"Explore the work we do to address the health and well being of people who are impacted by the housing crisis and the toxic drug supply.\" \/>\n<meta property=\"og:url\" content=\"https:\/\/ottawainnercityhealth.ca\/fr\/dans-les-nouvelles\/\" \/>\n<meta property=\"og:site_name\" content=\"Ottawa Inner City Health Inc.\" \/>\n<meta property=\"article:modified_time\" content=\"2026-04-14T09:00:22+00:00\" \/>\n<meta name=\"twitter:card\" content=\"summary_large_image\" \/>\n<meta name=\"twitter:label1\" content=\"Est. reading time\" \/>\n\t<meta name=\"twitter:data1\" content=\"1 minute\" \/>\n<script type=\"application\/ld+json\" class=\"yoast-schema-graph\">{\"@context\":\"https:\\\/\\\/schema.org\",\"@graph\":[{\"@type\":\"WebPage\",\"@id\":\"https:\\\/\\\/ottawainnercityhealth.ca\\\/fr\\\/dans-les-nouvelles\\\/\",\"url\":\"https:\\\/\\\/ottawainnercityhealth.ca\\\/fr\\\/dans-les-nouvelles\\\/\",\"name\":\"Nouvelles - Ottawa Inner City Health Inc.\",\"isPartOf\":{\"@id\":\"https:\\\/\\\/ottawainnercityhealth.ca\\\/fr\\\/#website\"},\"datePublished\":\"2025-01-13T15:48:44+00:00\",\"dateModified\":\"2026-04-14T09:00:22+00:00\",\"description\":\"Explore the work we do to address the health and well being of people who are impacted by the housing crisis and the toxic drug supply.\",\"breadcrumb\":{\"@id\":\"https:\\\/\\\/ottawainnercityhealth.ca\\\/fr\\\/dans-les-nouvelles\\\/#breadcrumb\"},\"inLanguage\":\"fr-FR\",\"potentialAction\":[{\"@type\":\"ReadAction\",\"target\":[\"https:\\\/\\\/ottawainnercityhealth.ca\\\/fr\\\/dans-les-nouvelles\\\/\"]}]},{\"@type\":\"BreadcrumbList\",\"@id\":\"https:\\\/\\\/ottawainnercityhealth.ca\\\/fr\\\/dans-les-nouvelles\\\/#breadcrumb\",\"itemListElement\":[{\"@type\":\"ListItem\",\"position\":1,\"name\":\"Home\",\"item\":\"https:\\\/\\\/ottawainnercityhealth.ca\\\/fr\\\/\"},{\"@type\":\"ListItem\",\"position\":2,\"name\":\"Nouvelles\"}]},{\"@type\":\"WebSite\",\"@id\":\"https:\\\/\\\/ottawainnercityhealth.ca\\\/fr\\\/#website\",\"url\":\"https:\\\/\\\/ottawainnercityhealth.ca\\\/fr\\\/\",\"name\":\"Ottawa Inner City Health Inc.\",\"description\":\"\",\"publisher\":{\"@id\":\"https:\\\/\\\/ottawainnercityhealth.ca\\\/fr\\\/#organization\"},\"potentialAction\":[{\"@type\":\"SearchAction\",\"target\":{\"@type\":\"EntryPoint\",\"urlTemplate\":\"https:\\\/\\\/ottawainnercityhealth.ca\\\/fr\\\/?s={search_term_string}\"},\"query-input\":{\"@type\":\"PropertyValueSpecification\",\"valueRequired\":true,\"valueName\":\"search_term_string\"}}],\"inLanguage\":\"fr-FR\"},{\"@type\":\"Organization\",\"@id\":\"https:\\\/\\\/ottawainnercityhealth.ca\\\/fr\\\/#organization\",\"name\":\"Ottawa Inner City Health Inc.\",\"url\":\"https:\\\/\\\/ottawainnercityhealth.ca\\\/fr\\\/\",\"logo\":{\"@type\":\"ImageObject\",\"inLanguage\":\"fr-FR\",\"@id\":\"https:\\\/\\\/ottawainnercityhealth.ca\\\/fr\\\/#\\\/schema\\\/logo\\\/image\\\/\",\"url\":\"https:\\\/\\\/ottawainnercityhealth.ca\\\/wp-content\\\/uploads\\\/2023\\\/02\\\/OICH_Branding_H_RGB.svg\",\"contentUrl\":\"https:\\\/\\\/ottawainnercityhealth.ca\\\/wp-content\\\/uploads\\\/2023\\\/02\\\/OICH_Branding_H_RGB.svg\",\"width\":864,\"height\":247,\"caption\":\"Ottawa Inner City Health Inc.\"},\"image\":{\"@id\":\"https:\\\/\\\/ottawainnercityhealth.ca\\\/fr\\\/#\\\/schema\\\/logo\\\/image\\\/\"}}]}<\/script>\n<!-- \/ Yoast SEO plugin. -->","yoast_head_json":{"title":"Nouvelles - Ottawa Inner City Health Inc.","description":"Explore the work we do to address the health and well being of people who are impacted by the housing crisis and the toxic drug supply.","robots":{"index":"index","follow":"follow","max-snippet":"max-snippet:-1","max-image-preview":"max-image-preview:large","max-video-preview":"max-video-preview:-1"},"canonical":"https:\/\/ottawainnercityhealth.ca\/fr\/dans-les-nouvelles\/","og_locale":"fr_FR","og_type":"article","og_title":"Nouvelles - Ottawa Inner City Health Inc.","og_description":"Explore the work we do to address the health and well being of people who are impacted by the housing crisis and the toxic drug supply.","og_url":"https:\/\/ottawainnercityhealth.ca\/fr\/dans-les-nouvelles\/","og_site_name":"Ottawa Inner City Health Inc.","article_modified_time":"2026-04-14T09:00:22+00:00","twitter_card":"summary_large_image","twitter_misc":{"Est. reading time":"1 minute"},"schema":{"@context":"https:\/\/schema.org","@graph":[{"@type":"WebPage","@id":"https:\/\/ottawainnercityhealth.ca\/fr\/dans-les-nouvelles\/","url":"https:\/\/ottawainnercityhealth.ca\/fr\/dans-les-nouvelles\/","name":"Nouvelles - Ottawa Inner City Health Inc.","isPartOf":{"@id":"https:\/\/ottawainnercityhealth.ca\/fr\/#website"},"datePublished":"2025-01-13T15:48:44+00:00","dateModified":"2026-04-14T09:00:22+00:00","description":"Explore the work we do to address the health and well being of people who are impacted by the housing crisis and the toxic drug supply.","breadcrumb":{"@id":"https:\/\/ottawainnercityhealth.ca\/fr\/dans-les-nouvelles\/#breadcrumb"},"inLanguage":"fr-FR","potentialAction":[{"@type":"ReadAction","target":["https:\/\/ottawainnercityhealth.ca\/fr\/dans-les-nouvelles\/"]}]},{"@type":"BreadcrumbList","@id":"https:\/\/ottawainnercityhealth.ca\/fr\/dans-les-nouvelles\/#breadcrumb","itemListElement":[{"@type":"ListItem","position":1,"name":"Home","item":"https:\/\/ottawainnercityhealth.ca\/fr\/"},{"@type":"ListItem","position":2,"name":"Nouvelles"}]},{"@type":"WebSite","@id":"https:\/\/ottawainnercityhealth.ca\/fr\/#website","url":"https:\/\/ottawainnercityhealth.ca\/fr\/","name":"Ottawa Inner City Health Inc.","description":"","publisher":{"@id":"https:\/\/ottawainnercityhealth.ca\/fr\/#organization"},"potentialAction":[{"@type":"SearchAction","target":{"@type":"EntryPoint","urlTemplate":"https:\/\/ottawainnercityhealth.ca\/fr\/?s={search_term_string}"},"query-input":{"@type":"PropertyValueSpecification","valueRequired":true,"valueName":"search_term_string"}}],"inLanguage":"fr-FR"},{"@type":"Organization","@id":"https:\/\/ottawainnercityhealth.ca\/fr\/#organization","name":"Ottawa Inner City Health Inc.","url":"https:\/\/ottawainnercityhealth.ca\/fr\/","logo":{"@type":"ImageObject","inLanguage":"fr-FR","@id":"https:\/\/ottawainnercityhealth.ca\/fr\/#\/schema\/logo\/image\/","url":"https:\/\/ottawainnercityhealth.ca\/wp-content\/uploads\/2023\/02\/OICH_Branding_H_RGB.svg","contentUrl":"https:\/\/ottawainnercityhealth.ca\/wp-content\/uploads\/2023\/02\/OICH_Branding_H_RGB.svg","width":864,"height":247,"caption":"Ottawa Inner City Health Inc."},"image":{"@id":"https:\/\/ottawainnercityhealth.ca\/fr\/#\/schema\/logo\/image\/"}}]}},"_links":{"self":[{"href":"https:\/\/ottawainnercityhealth.ca\/fr\/wp-json\/wp\/v2\/pages\/4497","targetHints":{"allow":["GET"]}}],"collection":[{"href":"https:\/\/ottawainnercityhealth.ca\/fr\/wp-json\/wp\/v2\/pages"}],"about":[{"href":"https:\/\/ottawainnercityhealth.ca\/fr\/wp-json\/wp\/v2\/types\/page"}],"author":[{"embeddable":true,"href":"https:\/\/ottawainnercityhealth.ca\/fr\/wp-json\/wp\/v2\/users\/9"}],"replies":[{"embeddable":true,"href":"https:\/\/ottawainnercityhealth.ca\/fr\/wp-json\/wp\/v2\/comments?post=4497"}],"version-history":[{"count":11,"href":"https:\/\/ottawainnercityhealth.ca\/fr\/wp-json\/wp\/v2\/pages\/4497\/revisions"}],"predecessor-version":[{"id":5030,"href":"https:\/\/ottawainnercityhealth.ca\/fr\/wp-json\/wp\/v2\/pages\/4497\/revisions\/5030"}],"wp:attachment":[{"href":"https:\/\/ottawainnercityhealth.ca\/fr\/wp-json\/wp\/v2\/media?parent=4497"}],"curies":[{"name":"wp","href":"https:\/\/api.w.org\/{rel}","templated":true}]}}