{"id":4529,"date":"2023-02-21T16:35:40","date_gmt":"2023-02-21T21:35:40","guid":{"rendered":"https:\/\/ottawainnercityhealth.ca\/contact\/"},"modified":"2026-03-25T13:28:18","modified_gmt":"2026-03-25T17:28:18","slug":"contactez-nous","status":"publish","type":"page","link":"https:\/\/ottawainnercityhealth.ca\/fr\/contactez-nous\/","title":{"rendered":"Contactez-nous"},"content":{"rendered":"\t\t<div data-elementor-type=\"wp-page\" data-elementor-id=\"4529\" class=\"elementor elementor-4529 elementor-206\" data-elementor-post-type=\"page\">\n\t\t\t\t<div class=\"elementor-element elementor-element-a44d887 e-flex e-con-boxed e-con e-parent\" data-id=\"a44d887\" data-element_type=\"container\" data-e-type=\"container\">\n\t\t\t\t\t<div class=\"e-con-inner\">\n\t\t\t\t<div class=\"elementor-element elementor-element-2f789fa elementor-widget-divider--view-line elementor-widget elementor-widget-divider\" data-id=\"2f789fa\" data-element_type=\"widget\" data-e-type=\"widget\" data-widget_type=\"divider.default\">\n\t\t\t\t<div class=\"elementor-widget-container\">\n\t\t\t\t\t\t\t<div class=\"elementor-divider\">\n\t\t\t<span class=\"elementor-divider-separator\">\n\t\t\t\t\t\t<\/span>\n\t\t<\/div>\n\t\t\t\t\t\t<\/div>\n\t\t\t\t<\/div>\n\t\t\t\t\t<\/div>\n\t\t\t\t<\/div>\n\t\t\t\t<section class=\"elementor-section elementor-top-section elementor-element elementor-element-4a7f65b1 elementor-section-content-top elementor-hidden-tablet elementor-section-boxed elementor-section-height-default elementor-section-height-default\" data-id=\"4a7f65b1\" data-element_type=\"section\" data-e-type=\"section\">\n\t\t\t\t\t\t<div class=\"elementor-container elementor-column-gap-no\">\n\t\t\t\t\t<div class=\"elementor-column elementor-col-33 elementor-top-column elementor-element elementor-element-391332f7\" data-id=\"391332f7\" data-element_type=\"column\" data-e-type=\"column\" data-settings=\"{&quot;background_background&quot;:&quot;classic&quot;}\">\n\t\t\t<div class=\"elementor-widget-wrap elementor-element-populated\">\n\t\t\t\t\t\t<div class=\"elementor-element elementor-element-1cb65aac animated-fast elementor-invisible elementor-widget elementor-widget-heading\" data-id=\"1cb65aac\" data-element_type=\"widget\" data-e-type=\"widget\" data-settings=\"{&quot;_animation&quot;:&quot;fadeInRightShorter&quot;}\" data-widget_type=\"heading.default\">\n\t\t\t\t<div class=\"elementor-widget-container\">\n\t\t\t\t\t<h4 class=\"elementor-heading-title elementor-size-default\">Aiguillage<\/h4>\t\t\t\t<\/div>\n\t\t\t\t<\/div>\n\t\t\t\t<div class=\"elementor-element elementor-element-a764ea2 elementor-widget elementor-widget-text-editor\" data-id=\"a764ea2\" data-element_type=\"widget\" data-e-type=\"widget\" data-widget_type=\"text-editor.default\">\n\t\t\t\t<div class=\"elementor-widget-container\">\n\t\t\t\t\t\t\t\t\t<p>OICH assure ses activit\u00e9s administratives \u00e0 partir de son bureau principal. Aucun service d\u2019admission n\u2019y est offert. La client\u00e8le est orient\u00e9e vers des programmes de lits pr\u00e9cis au sein des refuges locaux, o\u00f9 les \u00e9quipes de soins de sant\u00e9 offrent des services sur place. Pour discuter d\u2019une recommandation ou obtenir plus d\u2019information sur les services, il est possible de communiquer avec le bureau principal ou de remplir le formulaire de contact ci dessous.<\/p>\t\t\t\t\t\t\t\t<\/div>\n\t\t\t\t<\/div>\n\t\t\t\t\t<\/div>\n\t\t<\/div>\n\t\t\t\t<div class=\"elementor-column elementor-col-33 elementor-top-column elementor-element elementor-element-54584b2a\" data-id=\"54584b2a\" data-element_type=\"column\" data-e-type=\"column\" data-settings=\"{&quot;background_background&quot;:&quot;classic&quot;}\">\n\t\t\t<div class=\"elementor-widget-wrap elementor-element-populated\">\n\t\t\t\t\t\t<div class=\"elementor-element elementor-element-d04743f animated-fast elementor-invisible elementor-widget elementor-widget-heading\" data-id=\"d04743f\" data-element_type=\"widget\" data-e-type=\"widget\" data-settings=\"{&quot;_animation&quot;:&quot;fadeInRightShorter&quot;}\" data-widget_type=\"heading.default\">\n\t\t\t\t<div class=\"elementor-widget-container\">\n\t\t\t\t\t<h4 class=\"elementor-heading-title elementor-size-default\">Commentaires de la client\u00e8le et des membres de la communaut\u00e9<\/h4>\t\t\t\t<\/div>\n\t\t\t\t<\/div>\n\t\t\t\t<div class=\"elementor-element elementor-element-0de899f elementor-widget elementor-widget-text-editor\" data-id=\"0de899f\" data-element_type=\"widget\" data-e-type=\"widget\" data-widget_type=\"text-editor.default\">\n\t\t\t\t<div class=\"elementor-widget-container\">\n\t\t\t\t\t\t\t\t\t<p>La qualit\u00e9 des soins offerts est une priorit\u00e9 pour OICH, qui s\u2019engage \u00e0 fournir des services respectueux et centr\u00e9s sur la client\u00e8le. Tous les commentaires sont les bienvenus, qu\u2019ils soient positifs ou n\u00e9gatifs, puisqu\u2019ils contribuent \u00e0 l\u2019am\u00e9lioration continue des services. Cela inclut les commentaires de la client\u00e8le, des membres de la communaut\u00e9 et des organismes partenaires. Pour toute question, pr\u00e9occupation ou r\u00e9troaction, il est possible de communiquer par <strong>t\u00e9l\u00e9phone<\/strong>, par <strong><a href=\"mailto:inquiry@ottawainnercityhealth.ca\">courriel<\/a><\/strong> ou en remplissant le formulaire sur cette page. Nous voulons conna\u00eetre votre opinion !<\/p>\t\t\t\t\t\t\t\t<\/div>\n\t\t\t\t<\/div>\n\t\t\t\t\t<\/div>\n\t\t<\/div>\n\t\t\t\t<div class=\"elementor-column elementor-col-33 elementor-top-column elementor-element elementor-element-22ba3cbc\" data-id=\"22ba3cbc\" data-element_type=\"column\" data-e-type=\"column\" data-settings=\"{&quot;background_background&quot;:&quot;classic&quot;}\">\n\t\t\t<div class=\"elementor-widget-wrap elementor-element-populated\">\n\t\t\t\t\t\t<div class=\"elementor-element elementor-element-3928d054 animated-fast elementor-invisible elementor-widget elementor-widget-heading\" data-id=\"3928d054\" data-element_type=\"widget\" data-e-type=\"widget\" data-settings=\"{&quot;_animation&quot;:&quot;fadeInRightShorter&quot;}\" data-widget_type=\"heading.default\">\n\t\t\t\t<div class=\"elementor-widget-container\">\n\t\t\t\t\t<h4 class=\"elementor-heading-title elementor-size-default\">Questions g\u00e9n\u00e9rales<\/h4>\t\t\t\t<\/div>\n\t\t\t\t<\/div>\n\t\t\t\t<div class=\"elementor-element elementor-element-3ec2b38 elementor-widget elementor-widget-text-editor\" data-id=\"3ec2b38\" data-element_type=\"widget\" data-e-type=\"widget\" data-widget_type=\"text-editor.default\">\n\t\t\t\t<div class=\"elementor-widget-container\">\n\t\t\t\t\t\t\t\t\t<p>Vous avez une question au sujet d\u2019OICH ou souhaitez en apprendre davantage sur les activit\u00e9s de l\u2019organisation ? L\u2019\u00e9quipe est \u00e0 l\u2019\u00e9coute. Veuillez noter qu\u2019aucun service sans rendez vous n\u2019est offert au bureau principal. Pour obtenir de l\u2019information sur les programmes et services ou pour acc\u00e9der \u00e0 des ressources, il est possible de communiquer avec nous par t\u00e9l\u00e9phone, par courriel ou en remplissant le formulaire ci dessous. Nous vous fournirons une r\u00e9ponse dans les meilleurs d\u00e9lais.<\/p>\t\t\t\t\t\t\t\t<\/div>\n\t\t\t\t<\/div>\n\t\t\t\t\t<\/div>\n\t\t<\/div>\n\t\t\t\t\t<\/div>\n\t\t<\/section>\n\t\t\t\t<section class=\"elementor-section elementor-top-section elementor-element elementor-element-c76f8d8 elementor-section-boxed elementor-section-height-default elementor-section-height-default\" data-id=\"c76f8d8\" data-element_type=\"section\" data-e-type=\"section\">\n\t\t\t\t\t\t<div class=\"elementor-container elementor-column-gap-default\">\n\t\t\t\t\t<div class=\"elementor-column elementor-col-50 elementor-top-column elementor-element elementor-element-d87e949\" data-id=\"d87e949\" data-element_type=\"column\" data-e-type=\"column\">\n\t\t\t<div class=\"elementor-widget-wrap elementor-element-populated\">\n\t\t\t\t\t\t\t<\/div>\n\t\t<\/div>\n\t\t\t\t<div class=\"elementor-column elementor-col-50 elementor-top-column elementor-element elementor-element-5e0242c\" data-id=\"5e0242c\" data-element_type=\"column\" data-e-type=\"column\">\n\t\t\t<div class=\"elementor-widget-wrap elementor-element-populated\">\n\t\t\t\t\t\t<div class=\"elementor-element elementor-element-d76a91f elementor-invisible elementor-widget elementor-widget-google_maps\" data-id=\"d76a91f\" data-element_type=\"widget\" data-e-type=\"widget\" data-settings=\"{&quot;_animation&quot;:&quot;fadeIn&quot;}\" data-widget_type=\"google_maps.default\">\n\t\t\t\t<div class=\"elementor-widget-container\">\n\t\t\t\t\t\t\t<div class=\"elementor-custom-embed\">\n\t\t\t<iframe loading=\"lazy\"\n\t\t\t\t\tsrc=\"https:\/\/maps.google.com\/maps?q=550%20Old%20St.%20Patrick%20Street%20Ottawa%2C&#038;t=m&#038;z=14&#038;output=embed&#038;iwloc=near\"\n\t\t\t\t\ttitle=\"550 Old St. Patrick Street Ottawa,\"\n\t\t\t\t\taria-label=\"550 Old St. Patrick Street Ottawa,\"\n\t\t\t><\/iframe>\n\t\t<\/div>\n\t\t\t\t\t\t<\/div>\n\t\t\t\t<\/div>\n\t\t\t\t<div class=\"elementor-element elementor-element-f0f26f0 elementor-invisible elementor-widget elementor-widget-text-editor\" data-id=\"f0f26f0\" data-element_type=\"widget\" data-e-type=\"widget\" data-settings=\"{&quot;_animation&quot;:&quot;fadeInDownShorter&quot;}\" data-widget_type=\"text-editor.default\">\n\t\t\t\t<div class=\"elementor-widget-container\">\n\t\t\t\t\t\t\t\t\t<h4 style=\"line-height: 0em; color: #00438a;\">Ottawa Inner City Health<\/h4><p>550 Old St. Patrick Street<br \/>Ottawa, Ontario<br \/>K1N 5L5<\/p><p>Courriel : <strong><a href=\"mailto:inquiry@ottawainnercityhealth.ca\">inquiry@ottawainnercityhealth.ca<\/a><\/strong><br \/>T\u00e9l. : <strong><a href=\"tel:6135624500\">613-562-4500<\/a><\/strong><br \/>T\u00e9l\u00e9c. : 613-562-4505<\/p>\t\t\t\t\t\t\t\t<\/div>\n\t\t\t\t<\/div>\n\t\t\t\t\t<\/div>\n\t\t<\/div>\n\t\t\t\t\t<\/div>\n\t\t<\/section>\n\t\t\t\t<\/div>\n\t\t","protected":false},"excerpt":{"rendered":"<p>Aiguillage OICH assure ses activit\u00e9s administratives \u00e0 partir de son bureau principal. Aucun service d\u2019admission n\u2019y est offert. La client\u00e8le est orient\u00e9e vers des programmes de lits pr\u00e9cis au sein [&hellip;]<\/p>\n","protected":false},"author":2,"featured_media":4530,"parent":0,"menu_order":10,"comment_status":"closed","ping_status":"closed","template":"","meta":{"nf_dc_page":"","om_disable_all_campaigns":false,"_monsterinsights_skip_tracking":false,"_monsterinsights_sitenote_active":false,"_monsterinsights_sitenote_note":"","_monsterinsights_sitenote_category":0,"footnotes":"","_links_to":"","_links_to_target":""},"class_list":["post-4529","page","type-page","status-publish","has-post-thumbnail","hentry"],"aioseo_notices":[],"yoast_head":"<!-- This site is optimized with the Yoast SEO plugin v27.3 - https:\/\/yoast.com\/product\/yoast-seo-wordpress\/ -->\n<title>Contactez-nous - Ottawa Inner City Health Inc.<\/title>\n<meta name=\"description\" content=\"OICH operates administratively out of our head office at 550 Old St. Patrick Street, Ottawa, ON.\" \/>\n<meta name=\"robots\" content=\"index, follow, max-snippet:-1, max-image-preview:large, max-video-preview:-1\" \/>\n<link rel=\"canonical\" href=\"https:\/\/ottawainnercityhealth.ca\/fr\/contactez-nous\/\" \/>\n<meta property=\"og:locale\" content=\"fr_FR\" \/>\n<meta property=\"og:type\" content=\"article\" \/>\n<meta property=\"og:title\" content=\"Contactez-nous - Ottawa Inner City Health Inc.\" \/>\n<meta property=\"og:description\" content=\"OICH operates administratively out of our head office at 550 Old St. Patrick Street, Ottawa, ON.\" \/>\n<meta property=\"og:url\" content=\"https:\/\/ottawainnercityhealth.ca\/fr\/contactez-nous\/\" \/>\n<meta property=\"og:site_name\" content=\"Ottawa Inner City Health Inc.\" \/>\n<meta property=\"article:modified_time\" content=\"2026-03-25T17:28:18+00:00\" \/>\n<meta property=\"og:image\" content=\"https:\/\/ottawainnercityhealth.ca\/wp-content\/uploads\/2023\/02\/oich_join_our_team_top_photo2.jpg\" \/>\n\t<meta property=\"og:image:width\" content=\"1000\" \/>\n\t<meta property=\"og:image:height\" content=\"1000\" \/>\n\t<meta property=\"og:image:type\" content=\"image\/jpeg\" \/>\n<meta name=\"twitter:card\" content=\"summary_large_image\" \/>\n<meta name=\"twitter:label1\" content=\"Est. reading time\" \/>\n\t<meta name=\"twitter:data1\" content=\"2 minutes\" \/>\n<script type=\"application\/ld+json\" class=\"yoast-schema-graph\">{\"@context\":\"https:\\\/\\\/schema.org\",\"@graph\":[{\"@type\":\"WebPage\",\"@id\":\"https:\\\/\\\/ottawainnercityhealth.ca\\\/fr\\\/contactez-nous\\\/\",\"url\":\"https:\\\/\\\/ottawainnercityhealth.ca\\\/fr\\\/contactez-nous\\\/\",\"name\":\"Contactez-nous - Ottawa Inner City Health Inc.\",\"isPartOf\":{\"@id\":\"https:\\\/\\\/ottawainnercityhealth.ca\\\/fr\\\/#website\"},\"primaryImageOfPage\":{\"@id\":\"https:\\\/\\\/ottawainnercityhealth.ca\\\/fr\\\/contactez-nous\\\/#primaryimage\"},\"image\":{\"@id\":\"https:\\\/\\\/ottawainnercityhealth.ca\\\/fr\\\/contactez-nous\\\/#primaryimage\"},\"thumbnailUrl\":\"https:\\\/\\\/ottawainnercityhealth.ca\\\/wp-content\\\/uploads\\\/2023\\\/02\\\/oich_join_our_team_top_photo2.jpg\",\"datePublished\":\"2023-02-21T21:35:40+00:00\",\"dateModified\":\"2026-03-25T17:28:18+00:00\",\"description\":\"OICH operates administratively out of our head office at 550 Old St. Patrick Street, Ottawa, ON.\",\"breadcrumb\":{\"@id\":\"https:\\\/\\\/ottawainnercityhealth.ca\\\/fr\\\/contactez-nous\\\/#breadcrumb\"},\"inLanguage\":\"fr-FR\",\"potentialAction\":[{\"@type\":\"ReadAction\",\"target\":[\"https:\\\/\\\/ottawainnercityhealth.ca\\\/fr\\\/contactez-nous\\\/\"]}]},{\"@type\":\"ImageObject\",\"inLanguage\":\"fr-FR\",\"@id\":\"https:\\\/\\\/ottawainnercityhealth.ca\\\/fr\\\/contactez-nous\\\/#primaryimage\",\"url\":\"https:\\\/\\\/ottawainnercityhealth.ca\\\/wp-content\\\/uploads\\\/2023\\\/02\\\/oich_join_our_team_top_photo2.jpg\",\"contentUrl\":\"https:\\\/\\\/ottawainnercityhealth.ca\\\/wp-content\\\/uploads\\\/2023\\\/02\\\/oich_join_our_team_top_photo2.jpg\",\"width\":1000,\"height\":1000},{\"@type\":\"BreadcrumbList\",\"@id\":\"https:\\\/\\\/ottawainnercityhealth.ca\\\/fr\\\/contactez-nous\\\/#breadcrumb\",\"itemListElement\":[{\"@type\":\"ListItem\",\"position\":1,\"name\":\"Home\",\"item\":\"https:\\\/\\\/ottawainnercityhealth.ca\\\/fr\\\/\"},{\"@type\":\"ListItem\",\"position\":2,\"name\":\"Contactez-nous\"}]},{\"@type\":\"WebSite\",\"@id\":\"https:\\\/\\\/ottawainnercityhealth.ca\\\/fr\\\/#website\",\"url\":\"https:\\\/\\\/ottawainnercityhealth.ca\\\/fr\\\/\",\"name\":\"Ottawa Inner City Health Inc.\",\"description\":\"\",\"publisher\":{\"@id\":\"https:\\\/\\\/ottawainnercityhealth.ca\\\/fr\\\/#organization\"},\"potentialAction\":[{\"@type\":\"SearchAction\",\"target\":{\"@type\":\"EntryPoint\",\"urlTemplate\":\"https:\\\/\\\/ottawainnercityhealth.ca\\\/fr\\\/?s={search_term_string}\"},\"query-input\":{\"@type\":\"PropertyValueSpecification\",\"valueRequired\":true,\"valueName\":\"search_term_string\"}}],\"inLanguage\":\"fr-FR\"},{\"@type\":\"Organization\",\"@id\":\"https:\\\/\\\/ottawainnercityhealth.ca\\\/fr\\\/#organization\",\"name\":\"Ottawa Inner City Health Inc.\",\"url\":\"https:\\\/\\\/ottawainnercityhealth.ca\\\/fr\\\/\",\"logo\":{\"@type\":\"ImageObject\",\"inLanguage\":\"fr-FR\",\"@id\":\"https:\\\/\\\/ottawainnercityhealth.ca\\\/fr\\\/#\\\/schema\\\/logo\\\/image\\\/\",\"url\":\"https:\\\/\\\/ottawainnercityhealth.ca\\\/wp-content\\\/uploads\\\/2023\\\/02\\\/OICH_Branding_H_RGB.svg\",\"contentUrl\":\"https:\\\/\\\/ottawainnercityhealth.ca\\\/wp-content\\\/uploads\\\/2023\\\/02\\\/OICH_Branding_H_RGB.svg\",\"width\":864,\"height\":247,\"caption\":\"Ottawa Inner City Health Inc.\"},\"image\":{\"@id\":\"https:\\\/\\\/ottawainnercityhealth.ca\\\/fr\\\/#\\\/schema\\\/logo\\\/image\\\/\"}}]}<\/script>\n<!-- \/ Yoast SEO plugin. -->","yoast_head_json":{"title":"Contactez-nous - Ottawa Inner City Health Inc.","description":"OICH operates administratively out of our head office at 550 Old St. Patrick Street, Ottawa, ON.","robots":{"index":"index","follow":"follow","max-snippet":"max-snippet:-1","max-image-preview":"max-image-preview:large","max-video-preview":"max-video-preview:-1"},"canonical":"https:\/\/ottawainnercityhealth.ca\/fr\/contactez-nous\/","og_locale":"fr_FR","og_type":"article","og_title":"Contactez-nous - Ottawa Inner City Health Inc.","og_description":"OICH operates administratively out of our head office at 550 Old St. Patrick Street, Ottawa, ON.","og_url":"https:\/\/ottawainnercityhealth.ca\/fr\/contactez-nous\/","og_site_name":"Ottawa Inner City Health Inc.","article_modified_time":"2026-03-25T17:28:18+00:00","og_image":[{"width":1000,"height":1000,"url":"https:\/\/ottawainnercityhealth.ca\/wp-content\/uploads\/2023\/02\/oich_join_our_team_top_photo2.jpg","type":"image\/jpeg"}],"twitter_card":"summary_large_image","twitter_misc":{"Est. reading time":"2 minutes"},"schema":{"@context":"https:\/\/schema.org","@graph":[{"@type":"WebPage","@id":"https:\/\/ottawainnercityhealth.ca\/fr\/contactez-nous\/","url":"https:\/\/ottawainnercityhealth.ca\/fr\/contactez-nous\/","name":"Contactez-nous - Ottawa Inner City Health Inc.","isPartOf":{"@id":"https:\/\/ottawainnercityhealth.ca\/fr\/#website"},"primaryImageOfPage":{"@id":"https:\/\/ottawainnercityhealth.ca\/fr\/contactez-nous\/#primaryimage"},"image":{"@id":"https:\/\/ottawainnercityhealth.ca\/fr\/contactez-nous\/#primaryimage"},"thumbnailUrl":"https:\/\/ottawainnercityhealth.ca\/wp-content\/uploads\/2023\/02\/oich_join_our_team_top_photo2.jpg","datePublished":"2023-02-21T21:35:40+00:00","dateModified":"2026-03-25T17:28:18+00:00","description":"OICH operates administratively out of our head office at 550 Old St. Patrick Street, Ottawa, ON.","breadcrumb":{"@id":"https:\/\/ottawainnercityhealth.ca\/fr\/contactez-nous\/#breadcrumb"},"inLanguage":"fr-FR","potentialAction":[{"@type":"ReadAction","target":["https:\/\/ottawainnercityhealth.ca\/fr\/contactez-nous\/"]}]},{"@type":"ImageObject","inLanguage":"fr-FR","@id":"https:\/\/ottawainnercityhealth.ca\/fr\/contactez-nous\/#primaryimage","url":"https:\/\/ottawainnercityhealth.ca\/wp-content\/uploads\/2023\/02\/oich_join_our_team_top_photo2.jpg","contentUrl":"https:\/\/ottawainnercityhealth.ca\/wp-content\/uploads\/2023\/02\/oich_join_our_team_top_photo2.jpg","width":1000,"height":1000},{"@type":"BreadcrumbList","@id":"https:\/\/ottawainnercityhealth.ca\/fr\/contactez-nous\/#breadcrumb","itemListElement":[{"@type":"ListItem","position":1,"name":"Home","item":"https:\/\/ottawainnercityhealth.ca\/fr\/"},{"@type":"ListItem","position":2,"name":"Contactez-nous"}]},{"@type":"WebSite","@id":"https:\/\/ottawainnercityhealth.ca\/fr\/#website","url":"https:\/\/ottawainnercityhealth.ca\/fr\/","name":"Ottawa Inner City Health Inc.","description":"","publisher":{"@id":"https:\/\/ottawainnercityhealth.ca\/fr\/#organization"},"potentialAction":[{"@type":"SearchAction","target":{"@type":"EntryPoint","urlTemplate":"https:\/\/ottawainnercityhealth.ca\/fr\/?s={search_term_string}"},"query-input":{"@type":"PropertyValueSpecification","valueRequired":true,"valueName":"search_term_string"}}],"inLanguage":"fr-FR"},{"@type":"Organization","@id":"https:\/\/ottawainnercityhealth.ca\/fr\/#organization","name":"Ottawa Inner City Health Inc.","url":"https:\/\/ottawainnercityhealth.ca\/fr\/","logo":{"@type":"ImageObject","inLanguage":"fr-FR","@id":"https:\/\/ottawainnercityhealth.ca\/fr\/#\/schema\/logo\/image\/","url":"https:\/\/ottawainnercityhealth.ca\/wp-content\/uploads\/2023\/02\/OICH_Branding_H_RGB.svg","contentUrl":"https:\/\/ottawainnercityhealth.ca\/wp-content\/uploads\/2023\/02\/OICH_Branding_H_RGB.svg","width":864,"height":247,"caption":"Ottawa Inner City Health Inc."},"image":{"@id":"https:\/\/ottawainnercityhealth.ca\/fr\/#\/schema\/logo\/image\/"}}]}},"_links":{"self":[{"href":"https:\/\/ottawainnercityhealth.ca\/fr\/wp-json\/wp\/v2\/pages\/4529","targetHints":{"allow":["GET"]}}],"collection":[{"href":"https:\/\/ottawainnercityhealth.ca\/fr\/wp-json\/wp\/v2\/pages"}],"about":[{"href":"https:\/\/ottawainnercityhealth.ca\/fr\/wp-json\/wp\/v2\/types\/page"}],"author":[{"embeddable":true,"href":"https:\/\/ottawainnercityhealth.ca\/fr\/wp-json\/wp\/v2\/users\/2"}],"replies":[{"embeddable":true,"href":"https:\/\/ottawainnercityhealth.ca\/fr\/wp-json\/wp\/v2\/comments?post=4529"}],"version-history":[{"count":4,"href":"https:\/\/ottawainnercityhealth.ca\/fr\/wp-json\/wp\/v2\/pages\/4529\/revisions"}],"predecessor-version":[{"id":4796,"href":"https:\/\/ottawainnercityhealth.ca\/fr\/wp-json\/wp\/v2\/pages\/4529\/revisions\/4796"}],"wp:featuredmedia":[{"embeddable":true,"href":"https:\/\/ottawainnercityhealth.ca\/fr\/wp-json\/wp\/v2\/media\/4530"}],"wp:attachment":[{"href":"https:\/\/ottawainnercityhealth.ca\/fr\/wp-json\/wp\/v2\/media?parent=4529"}],"curies":[{"name":"wp","href":"https:\/\/api.w.org\/{rel}","templated":true}]}}